{"id":445,"date":"2023-05-11T14:46:54","date_gmt":"2023-05-11T14:46:54","guid":{"rendered":"https:\/\/www.mastergreen.ch\/?post_type=product&#038;p=445"},"modified":"2023-08-27T11:19:36","modified_gmt":"2023-08-27T11:19:36","slug":"master-green-extra-plus","status":"publish","type":"product","link":"https:\/\/www.mastergreen.ch\/?product=master-green-extra-plus","title":{"rendered":"Master Green Extra-Plus"},"content":{"rendered":"","protected":false},"excerpt":{"rendered":"<p><strong>Avantages\u00a0<\/strong><strong>&amp; propri\u00e9t\u00e9s<\/strong><\/p>\n<ul>\n<li>D\u00e9graissant ultra puissant pour les pi\u00e8ces m\u00e9caniques et les surfaces<\/li>\n<li>Haute efficacit\u00e9<\/li>\n<li>Prot\u00e8ges les pi\u00e8ces m\u00e9talliques et les surfaces de la corrosion<\/li>\n<\/ul>\n<p><strong>Utili<\/strong><strong>sations<\/strong><\/p>\n<ul>\n<li>A la main<\/li>\n<li>Haute-pression<\/li>\n<li>Auto laveuse<\/li>\n<\/ul>\n<div class=\"description woocommerce-product-details__short-description\">\n<p><strong>Biod\u00e9gradable | Economique | Sans COV | Ininflammable | Super-concentr\u00e9<\/strong><\/p>\n<\/div>\n<div class=\"product_meta\"><\/div>\n","protected":false},"featured_media":442,"comment_status":"open","ping_status":"closed","template":"","meta":[],"product_cat":[25],"product_tag":[],"class_list":{"0":"post-445","1":"product","2":"type-product","3":"status-publish","4":"has-post-thumbnail","6":"product_cat-industrial-line","8":"first","9":"instock","10":"shipping-taxable","11":"product-type-simple"},"_links":{"self":[{"href":"https:\/\/www.mastergreen.ch\/index.php?rest_route=\/wp\/v2\/product\/445","targetHints":{"allow":["GET"]}}],"collection":[{"href":"https:\/\/www.mastergreen.ch\/index.php?rest_route=\/wp\/v2\/product"}],"about":[{"href":"https:\/\/www.mastergreen.ch\/index.php?rest_route=\/wp\/v2\/types\/product"}],"replies":[{"embeddable":true,"href":"https:\/\/www.mastergreen.ch\/index.php?rest_route=%2Fwp%2Fv2%2Fcomments&post=445"}],"wp:featuredmedia":[{"embeddable":true,"href":"https:\/\/www.mastergreen.ch\/index.php?rest_route=\/wp\/v2\/media\/442"}],"wp:attachment":[{"href":"https:\/\/www.mastergreen.ch\/index.php?rest_route=%2Fwp%2Fv2%2Fmedia&parent=445"}],"wp:term":[{"taxonomy":"product_cat","embeddable":true,"href":"https:\/\/www.mastergreen.ch\/index.php?rest_route=%2Fwp%2Fv2%2Fproduct_cat&post=445"},{"taxonomy":"product_tag","embeddable":true,"href":"https:\/\/www.mastergreen.ch\/index.php?rest_route=%2Fwp%2Fv2%2Fproduct_tag&post=445"}],"curies":[{"name":"wp","href":"https:\/\/api.w.org\/{rel}","templated":true}]}}