{"id":472,"date":"2023-05-11T15:33:14","date_gmt":"2023-05-11T15:33:14","guid":{"rendered":"https:\/\/www.mastergreen.ch\/?post_type=product&#038;p=472"},"modified":"2023-08-27T11:18:43","modified_gmt":"2023-08-27T11:18:43","slug":"master-green-sols","status":"publish","type":"product","link":"https:\/\/www.mastergreen.ch\/?product=master-green-sols","title":{"rendered":"Master Green Sols"},"content":{"rendered":"","protected":false},"excerpt":{"rendered":"<p><strong>Avantages\u00a0<\/strong><strong>&amp; propri\u00e9t\u00e9s<\/strong><\/p>\n<ul>\n<li>Nettoyant sp\u00e9cifique pour les sols tertiaires et tous les sols lavables.<\/li>\n<li>Permet un nettoyage parfait et laisse les surfaces \u00e9clatant, \u00e9limine les microfilms laiss\u00e9s par les produits conventionnels.<\/li>\n<\/ul>\n<p><strong>Utilisations<\/strong><\/p>\n<ul>\n<li>A la main<\/li>\n<li>Haute pression<\/li>\n<li>Auto laveuse<\/li>\n<\/ul>\n","protected":false},"featured_media":470,"comment_status":"open","ping_status":"closed","template":"","meta":[],"product_cat":[27],"product_tag":[],"class_list":{"0":"post-472","1":"product","2":"type-product","3":"status-publish","4":"has-post-thumbnail","6":"product_cat-produits-specifiques","8":"first","9":"instock","10":"shipping-taxable","11":"product-type-simple"},"_links":{"self":[{"href":"https:\/\/www.mastergreen.ch\/index.php?rest_route=\/wp\/v2\/product\/472","targetHints":{"allow":["GET"]}}],"collection":[{"href":"https:\/\/www.mastergreen.ch\/index.php?rest_route=\/wp\/v2\/product"}],"about":[{"href":"https:\/\/www.mastergreen.ch\/index.php?rest_route=\/wp\/v2\/types\/product"}],"replies":[{"embeddable":true,"href":"https:\/\/www.mastergreen.ch\/index.php?rest_route=%2Fwp%2Fv2%2Fcomments&post=472"}],"wp:featuredmedia":[{"embeddable":true,"href":"https:\/\/www.mastergreen.ch\/index.php?rest_route=\/wp\/v2\/media\/470"}],"wp:attachment":[{"href":"https:\/\/www.mastergreen.ch\/index.php?rest_route=%2Fwp%2Fv2%2Fmedia&parent=472"}],"wp:term":[{"taxonomy":"product_cat","embeddable":true,"href":"https:\/\/www.mastergreen.ch\/index.php?rest_route=%2Fwp%2Fv2%2Fproduct_cat&post=472"},{"taxonomy":"product_tag","embeddable":true,"href":"https:\/\/www.mastergreen.ch\/index.php?rest_route=%2Fwp%2Fv2%2Fproduct_tag&post=472"}],"curies":[{"name":"wp","href":"https:\/\/api.w.org\/{rel}","templated":true}]}}