{"id":496,"date":"2023-05-11T16:02:20","date_gmt":"2023-05-11T16:02:20","guid":{"rendered":"https:\/\/www.mastergreen.ch\/?post_type=product&#038;p=496"},"modified":"2023-08-27T11:16:44","modified_gmt":"2023-08-27T11:16:44","slug":"master-green-pro3","status":"publish","type":"product","link":"https:\/\/www.mastergreen.ch\/?product=master-green-pro3","title":{"rendered":"Master Green Pro3"},"content":{"rendered":"","protected":false},"excerpt":{"rendered":"<p><strong>Avantages &amp; propri\u00e9t\u00e9s<\/strong><\/p>\n<ul>\n<li>Antibact\u00e9rien, d\u00e9sinfectant, fongicide, virucide destin\u00e9 pour les secteurs de la sant\u00e9 public, alimentaire et v\u00e9t\u00e9rinaire.<\/li>\n<li>Solution efficace contre les risques bact\u00e9riens, viraux et fongiques.<\/li>\n<li>Offre une protection \u00e9lev\u00e9e et une efficacit\u00e9 redoutable sans Ald\u00e9hydes.<\/li>\n<\/ul>\n<p><strong>Utilisations<\/strong><\/p>\n<ul>\n<li>A la main<\/li>\n<li>Haute pression<\/li>\n<li>Auto laveuse<\/li>\n<\/ul>\n<div class=\"description woocommerce-product-details__short-description\">\n<p><strong>Biod\u00e9gradable |\u00a0Efficace | Simple | Polyvalent<\/strong><\/p>\n<\/div>\n<div class=\"product_meta\"><\/div>\n","protected":false},"featured_media":494,"comment_status":"open","ping_status":"closed","template":"","meta":[],"product_cat":[26],"product_tag":[],"class_list":{"0":"post-496","1":"product","2":"type-product","3":"status-publish","4":"has-post-thumbnail","6":"product_cat-produits-professionnels","8":"first","9":"instock","10":"shipping-taxable","11":"product-type-simple"},"_links":{"self":[{"href":"https:\/\/www.mastergreen.ch\/index.php?rest_route=\/wp\/v2\/product\/496","targetHints":{"allow":["GET"]}}],"collection":[{"href":"https:\/\/www.mastergreen.ch\/index.php?rest_route=\/wp\/v2\/product"}],"about":[{"href":"https:\/\/www.mastergreen.ch\/index.php?rest_route=\/wp\/v2\/types\/product"}],"replies":[{"embeddable":true,"href":"https:\/\/www.mastergreen.ch\/index.php?rest_route=%2Fwp%2Fv2%2Fcomments&post=496"}],"wp:featuredmedia":[{"embeddable":true,"href":"https:\/\/www.mastergreen.ch\/index.php?rest_route=\/wp\/v2\/media\/494"}],"wp:attachment":[{"href":"https:\/\/www.mastergreen.ch\/index.php?rest_route=%2Fwp%2Fv2%2Fmedia&parent=496"}],"wp:term":[{"taxonomy":"product_cat","embeddable":true,"href":"https:\/\/www.mastergreen.ch\/index.php?rest_route=%2Fwp%2Fv2%2Fproduct_cat&post=496"},{"taxonomy":"product_tag","embeddable":true,"href":"https:\/\/www.mastergreen.ch\/index.php?rest_route=%2Fwp%2Fv2%2Fproduct_tag&post=496"}],"curies":[{"name":"wp","href":"https:\/\/api.w.org\/{rel}","templated":true}]}}